{"id":4726,"date":"2022-10-19T08:54:19","date_gmt":"2022-10-19T06:54:19","guid":{"rendered":"https:\/\/halzebatz.eu\/?page_id=4726"},"modified":"2022-10-24T11:46:02","modified_gmt":"2022-10-24T09:46:02","slug":"a-propos","status":"publish","type":"page","link":"https:\/\/halzebatz.eu\/fr\/a-propos\/","title":{"rendered":"\u00c0 propos"},"content":{"rendered":"\t\t<div data-elementor-type=\"wp-page\" data-elementor-id=\"4726\" class=\"elementor elementor-4726\" data-elementor-settings=\"[]\">\n\t\t\t\t\t\t\t<div class=\"elementor-section-wrap\">\n\t\t\t\t\t\t\t<section class=\"elementor-section elementor-top-section elementor-element elementor-element-bb261e8 elementor-section-content-middle elementor-section-boxed elementor-section-height-default elementor-section-height-default\" data-id=\"bb261e8\" data-element_type=\"section\">\n\t\t\t\t\t\t<div class=\"elementor-container elementor-column-gap-default\">\n\t\t\t\t\t<div class=\"elementor-column elementor-col-50 elementor-top-column elementor-element elementor-element-64af872\" data-id=\"64af872\" data-element_type=\"column\">\n\t\t\t<div class=\"elementor-widget-wrap elementor-element-populated\">\n\t\t\t\t\t\t\t\t<div class=\"elementor-element elementor-element-6f77f6c elementor-widget elementor-widget-text-editor\" data-id=\"6f77f6c\" data-element_type=\"widget\" data-widget_type=\"text-editor.default\">\n\t\t\t\t<div class=\"elementor-widget-container\">\n\t\t\t\t\t\t\t<h1 style=\"text-align: center;\"><span style=\"color: #000000;\">\u00c0 propos <\/span>de nous<\/h1>\t\t\t\t\t\t<\/div>\n\t\t\t\t<\/div>\n\t\t\t\t\t<\/div>\n\t\t<\/div>\n\t\t\t\t<div class=\"elementor-column elementor-col-50 elementor-top-column elementor-element elementor-element-23d6948\" data-id=\"23d6948\" data-element_type=\"column\">\n\t\t\t<div class=\"elementor-widget-wrap elementor-element-populated\">\n\t\t\t\t\t\t\t\t<div class=\"elementor-element elementor-element-efebb0f elementor-widget elementor-widget-spacer\" data-id=\"efebb0f\" data-element_type=\"widget\" data-widget_type=\"spacer.default\">\n\t\t\t\t<div class=\"elementor-widget-container\">\n\t\t\t\t\t<div class=\"elementor-spacer\">\n\t\t\t<div class=\"elementor-spacer-inner\"><\/div>\n\t\t<\/div>\n\t\t\t\t<\/div>\n\t\t\t\t<\/div>\n\t\t\t\t<div class=\"elementor-element elementor-element-d191dba elementor-widget elementor-widget-image\" data-id=\"d191dba\" data-element_type=\"widget\" data-widget_type=\"image.default\">\n\t\t\t\t<div class=\"elementor-widget-container\">\n\t\t\t\t\t\t\t\t\t\t\t\t\t\t\t<img decoding=\"async\" width=\"244\" height=\"300\" src=\"https:\/\/halzebatz.eu\/wp-content\/uploads\/2021\/04\/cropped-HB-LOGO-rgb-1000-onTransp-1-1-244x300.png\" class=\"attachment-medium size-medium\" alt=\"\" loading=\"lazy\" srcset=\"https:\/\/halzebatz.eu\/wp-content\/uploads\/2021\/04\/cropped-HB-LOGO-rgb-1000-onTransp-1-1-244x300.png 244w, https:\/\/halzebatz.eu\/wp-content\/uploads\/2021\/04\/cropped-HB-LOGO-rgb-1000-onTransp-1-1-600x736.png 600w, https:\/\/halzebatz.eu\/wp-content\/uploads\/2021\/04\/cropped-HB-LOGO-rgb-1000-onTransp-1-1-835x1024.png 835w, https:\/\/halzebatz.eu\/wp-content\/uploads\/2021\/04\/cropped-HB-LOGO-rgb-1000-onTransp-1-1-768x942.png 768w, https:\/\/halzebatz.eu\/wp-content\/uploads\/2021\/04\/cropped-HB-LOGO-rgb-1000-onTransp-1-1-20x24.png 20w, https:\/\/halzebatz.eu\/wp-content\/uploads\/2021\/04\/cropped-HB-LOGO-rgb-1000-onTransp-1-1-29x36.png 29w, https:\/\/halzebatz.eu\/wp-content\/uploads\/2021\/04\/cropped-HB-LOGO-rgb-1000-onTransp-1-1-39x48.png 39w, https:\/\/halzebatz.eu\/wp-content\/uploads\/2021\/04\/cropped-HB-LOGO-rgb-1000-onTransp-1-1.png 925w\" sizes=\"(max-width: 244px) 100vw, 244px\" \/>\t\t\t\t\t\t\t\t\t\t\t\t\t\t\t<\/div>\n\t\t\t\t<\/div>\n\t\t\t\t<div class=\"elementor-element elementor-element-9e235d9 elementor-widget elementor-widget-spacer\" data-id=\"9e235d9\" data-element_type=\"widget\" data-widget_type=\"spacer.default\">\n\t\t\t\t<div class=\"elementor-widget-container\">\n\t\t\t\t\t<div class=\"elementor-spacer\">\n\t\t\t<div class=\"elementor-spacer-inner\"><\/div>\n\t\t<\/div>\n\t\t\t\t<\/div>\n\t\t\t\t<\/div>\n\t\t\t\t\t<\/div>\n\t\t<\/div>\n\t\t\t\t\t\t\t<\/div>\n\t\t<\/section>\n\t\t\t\t<section class=\"elementor-section elementor-top-section elementor-element elementor-element-2095648 elementor-section-boxed elementor-section-height-default elementor-section-height-default\" data-id=\"2095648\" data-element_type=\"section\">\n\t\t\t\t\t\t<div class=\"elementor-container elementor-column-gap-default\">\n\t\t\t\t\t<div class=\"elementor-column elementor-col-100 elementor-top-column elementor-element elementor-element-bd87d18\" data-id=\"bd87d18\" data-element_type=\"column\">\n\t\t\t<div class=\"elementor-widget-wrap elementor-element-populated\">\n\t\t\t\t\t\t\t\t<div class=\"elementor-element elementor-element-3d59a47 elementor-widget elementor-widget-spacer\" data-id=\"3d59a47\" data-element_type=\"widget\" data-widget_type=\"spacer.default\">\n\t\t\t\t<div class=\"elementor-widget-container\">\n\t\t\t\t\t<div class=\"elementor-spacer\">\n\t\t\t<div class=\"elementor-spacer-inner\"><\/div>\n\t\t<\/div>\n\t\t\t\t<\/div>\n\t\t\t\t<\/div>\n\t\t\t\t<div class=\"elementor-element elementor-element-c993766 elementor-widget elementor-widget-text-editor\" data-id=\"c993766\" data-element_type=\"widget\" data-widget_type=\"text-editor.default\">\n\t\t\t\t<div class=\"elementor-widget-container\">\n\t\t\t\t\t\t\t<p>L\u2019entreprise luxembourgeoise Halzebatz est le fruit de la collaboration entre Pit Streicher, <span style=\"color: #332a8f;\"><a style=\"color: #332a8f;\" href=\"https:\/\/banice.lu\/\" target=\"_blank\" rel=\"noopener\">Banice Architectes<\/a><\/span> et <span style=\"color: #332a8f;\"><a style=\"color: #332a8f;\" href=\"https:\/\/lamaisondedemain.be\/\" target=\"_blank\" rel=\"noopener\">La Maison de Demain<\/a><\/span>, qui se sp\u00e9cialisent dans les conceptions minimalistes pour les maisons et les immeubles de bureaux.<\/p><p>Nous imaginons, dessinons, concevons et fabriquons des <strong>tiny houses<\/strong>, des <strong>maisons modulaires<\/strong>, des <strong>bureaux modulaires <\/strong>et des <strong>b\u00e2timents modulaires mobiles et\/ou fixes <\/strong>qui sont v\u00e9ritablement novateurs gr\u00e2ce \u00e0 l\u2019utilisation de la construction modulaire en <strong>bois (CLT)<\/strong>. Halzebatz propose ainsi des solutions d\u2019avenir \u00e0 la crise du logement et r\u00e9invente la <strong>construction<\/strong>, qui devient <strong>modulaire, durable et \u00e9coresponsable<\/strong>.<\/p><p><strong>Le nom Halzebatz signifie : l\u2019habitat amovible fa\u00e7on \u00ab sac \u00e0 dos \u00bb. <\/strong>Nos solutions peuvent en effet \u00eatre utilis\u00e9es de mani\u00e8re fixe et\/ou mobile. Outre des modules de base, nous cr\u00e9ons des modules personnalis\u00e9s. Nos produits sont \u00e9coresponsables et 100 % europ\u00e9ens. Pens\u00e9s pour la mobilit\u00e9 et\/ou pour une utilisation fixe, nos modules s\u2019adaptent \u00e0 votre vie d\u2019aujourd\u2019hui et de demain !<\/p><h1><span style=\"color: #993366;\">\u00a0<\/span><\/h1><h2><span style=\"color: #993366;\">Nos objectifs<\/span><\/h2><ul><li>R\u00e9pondre \u00e0 la <strong>p\u00e9nurie <\/strong>de logements<\/li><li>Proposer une <strong>solution rapide <\/strong>pour des besoins ponctuels (ex. logements, t\u00e9l\u00e9travail, bureaux, \u00e9coles, etc.)<\/li><li><strong>Utiliser temporairement les terrains inoccup\u00e9s<\/strong><\/li><li>Offrir un <strong>d\u00e9lai de construction fortement r\u00e9duit<\/strong> (de 40 \u00e0 60 % par rapport \u00e0 une construction traditionnelle, de la pr\u00e9fabrication au montage)<\/li><li>Permettre le <strong>d\u00e9montage\/remontage<\/strong> des modules selon vos besoins<\/li><li>Garantir le respect d\u2019une <strong>\u00e9conomie circulaire et \u00e9coresponsable<\/strong>.<\/li><li>Cr\u00e9er des solutions modulables pour r\u00e9pondre sp\u00e9cifiquement \u00e0 vos besoins<\/li><\/ul><h2>\u00a0<\/h2><h2><span style=\"color: #993366;\">Notre philosophie<\/span><\/h2><p>Concevoir des solutions modernes, abordables, 100 % europ\u00e9ennes (luxembourgeoises), personnalisables, livrables et utilisables imm\u00e9diatement.<\/p><p><img decoding=\"async\" loading=\"lazy\" class=\"alignnone size-medium wp-image-4423\" src=\"https:\/\/halzebatz.eu\/wp-content\/uploads\/2022\/05\/hors-site-3-300x195.png\" alt=\"\" width=\"300\" height=\"195\" srcset=\"https:\/\/halzebatz.eu\/wp-content\/uploads\/2022\/05\/hors-site-3-300x195.png 300w, https:\/\/halzebatz.eu\/wp-content\/uploads\/2022\/05\/hors-site-3.png 573w\" sizes=\"(max-width: 300px) 100vw, 300px\" \/><\/p><h2>\u00a0<\/h2><h2><span style=\"color: #993366;\">Notre d\u00e9marche \u00e9coresponsable<\/span><\/h2><p>Nous utilisons du <strong>bois CLT<\/strong> pour construire les structures <span style=\"text-decoration: underline;\"><span style=\"color: #332a8f;\"><a style=\"color: #332a8f; text-decoration: underline;\" href=\"https:\/\/halzebatz.eu\/fr\/construction-modulaire\/\">de nos solutions modulaires<\/a><\/span><\/span>. Le bois vous garantit <strong>d\u2019excellentes propri\u00e9t\u00e9s d\u2019isolation<\/strong>, ce qui r\u00e9duit votre consommation d\u2019\u00e9nergie. C\u2019est un mat\u00e9riau <strong>durable<\/strong>, <strong>renouvelable <\/strong>et facilement <strong>recyclable<\/strong>. Le bois permet de r\u00e9duire l\u2019<strong>empreinte carbone<\/strong> des constructions. Le bois est aussi plus l\u00e9ger que d\u2019autres mat\u00e9riaux, ce qui limite le bilan carbone des transports. C\u2019est \u00e9galement une m\u00e9thode de construction consid\u00e9r\u00e9e comme \u00ab s\u00e8che \u00bb. Au contraire, les m\u00e9thodes de construction \u00ab humide \u00bb, comme le b\u00e9ton, g\u00e9n\u00e8rent d\u2019importantes \u00e9missions de carbone. De plus, elles n\u00e9cessitent de grandes quantit\u00e9s et rallongent les d\u00e9lais \u00e0 cause des temps de s\u00e9chage.<\/p><h2>\u00a0<\/h2><h2><span style=\"color: #993366;\">Savoir-faire de nos sp\u00e9cialistes<\/span><\/h2><h3><strong>Faites confiance \u00e0 notre \u00e9quipe de sp\u00e9cialistes !<\/strong><\/h3><p>Nous ne sommes pas un simple revendeur : nous avons imagin\u00e9, d\u00e9velopp\u00e9 et cr\u00e9\u00e9 nos propres solutions <span style=\"text-decoration: underline;\"><span style=\"color: #332a8f;\"><a style=\"color: #332a8f; text-decoration: underline;\" href=\"https:\/\/halzebatz.eu\/fr\/home-habitat\/\">de logements<\/a><\/span><\/span>, <span style=\"text-decoration: underline;\"><span style=\"color: #332a8f;\"><a style=\"color: #332a8f; text-decoration: underline;\" href=\"https:\/\/halzebatz.eu\/fr\/home-bureaux\/\">de bureaux<\/a><\/span><\/span> et <span style=\"text-decoration: underline;\"><span style=\"color: #332a8f;\"><a style=\"color: #332a8f; text-decoration: underline;\" href=\"https:\/\/halzebatz.eu\/fr\/home-batiments\/\">de b\u00e2timents<\/a><\/span><\/span> utilisables de fa\u00e7on fixe ou mobile. Vous \u00e9vitez les interm\u00e9diaires : nous nous occupons de tout et coordonnons l\u2019ensemble du processus de construction pour vous. Confiez votre projet \u00e0 notre \u00e9quipe de sp\u00e9cialistes. Nous \u00e9tudierons ensemble toutes les possibilit\u00e9s et d\u00e9velopperons la solution la plus adapt\u00e9e \u00e0 vos besoins.<\/p>\t\t\t\t\t\t<\/div>\n\t\t\t\t<\/div>\n\t\t\t\t\t<\/div>\n\t\t<\/div>\n\t\t\t\t\t\t\t<\/div>\n\t\t<\/section>\n\t\t\t\t<section class=\"elementor-section elementor-top-section elementor-element elementor-element-5137f1e elementor-section-full_width elementor-section-height-default elementor-section-height-default\" data-id=\"5137f1e\" data-element_type=\"section\">\n\t\t\t\t\t\t<div class=\"elementor-container elementor-column-gap-default\">\n\t\t\t\t\t<div class=\"elementor-column elementor-col-25 elementor-top-column elementor-element elementor-element-c4d923f\" data-id=\"c4d923f\" data-element_type=\"column\">\n\t\t\t<div class=\"elementor-widget-wrap\">\n\t\t\t\t\t\t\t\t\t<\/div>\n\t\t<\/div>\n\t\t\t\t<div class=\"elementor-column elementor-col-25 elementor-top-column elementor-element elementor-element-e9bb34a\" data-id=\"e9bb34a\" data-element_type=\"column\">\n\t\t\t<div class=\"elementor-widget-wrap elementor-element-populated\">\n\t\t\t\t\t\t\t\t<div class=\"elementor-element elementor-element-d1ef853 elementor-widget elementor-widget-text-editor\" data-id=\"d1ef853\" data-element_type=\"widget\" data-widget_type=\"text-editor.default\">\n\t\t\t\t<div class=\"elementor-widget-container\">\n\t\t\t\t\t\t\t<p style=\"text-align: center;\"><strong>Contactez-nous <\/strong>en compl\u00e9tant le formulaire de notre <span style=\"color: #cc99ff;\"><a style=\"color: #cc99ff;\" href=\"https:\/\/halzebatz.eu\/fr\/contact\/\">page de contact<\/a><\/span><span style=\"color: #cc99ff;\">.<\/span><strong><br \/><\/strong>Vous pouvez \u00e9galement<strong> nous appeler au <span style=\"color: #cc99ff;\"><a style=\"color: #cc99ff;\" href=\"tel:+352621242483\">+352 621 242 483<\/a>.<\/span><\/strong><\/p><p style=\"text-align: center;\"><strong>Suivez-nous \u00e9galement sur tous nos r\u00e9seaux :<\/strong><br \/>Facebook : <span style=\"color: #cc99ff;\"><a style=\"color: #cc99ff;\" href=\"https:\/\/www.facebook.com\/Halzebatz\/\" target=\"_blank\" rel=\"noopener\">www.facebook.com\/Halzebatz<\/a><\/span><br \/>Instagram : <span style=\"color: #cc99ff;\"><a style=\"color: #cc99ff;\" href=\"https:\/\/www.instagram.com\/halzebatz\/\" target=\"_blank\" rel=\"noopener\">www.instagram.com\/Halzebatz<\/a><\/span><br \/>LinkedIn : <span style=\"color: #cc99ff;\"><a style=\"color: #cc99ff;\" href=\"http:\/\/www.linkedin.com\/company\/halzebatz\/\" target=\"_blank\" rel=\"noopener\">www.linkedin.com\/company\/Halzebatz<\/a><\/span><\/p>\t\t\t\t\t\t<\/div>\n\t\t\t\t<\/div>\n\t\t\t\t\t<\/div>\n\t\t<\/div>\n\t\t\t\t<div class=\"elementor-column elementor-col-50 elementor-top-column elementor-element elementor-element-97732f7\" data-id=\"97732f7\" data-element_type=\"column\">\n\t\t\t<div class=\"elementor-widget-wrap\">\n\t\t\t\t\t\t\t\t\t<\/div>\n\t\t<\/div>\n\t\t\t\t\t\t\t<\/div>\n\t\t<\/section>\n\t\t\t\t<section class=\"elementor-section elementor-top-section elementor-element elementor-element-1d91fce elementor-section-content-middle elementor-section-boxed elementor-section-height-default elementor-section-height-default\" data-id=\"1d91fce\" data-element_type=\"section\" data-settings=\"{&quot;background_background&quot;:&quot;classic&quot;}\">\n\t\t\t\t\t\t<div class=\"elementor-container elementor-column-gap-default\">\n\t\t\t\t\t<div class=\"elementor-column elementor-col-100 elementor-top-column elementor-element elementor-element-891e0c8\" data-id=\"891e0c8\" data-element_type=\"column\">\n\t\t\t<div class=\"elementor-widget-wrap elementor-element-populated\">\n\t\t\t\t\t\t\t\t<div class=\"elementor-element elementor-element-b0ae7da elementor-widget elementor-widget-heading\" data-id=\"b0ae7da\" data-element_type=\"widget\" data-widget_type=\"heading.default\">\n\t\t\t\t<div class=\"elementor-widget-container\">\n\t\t\t<h2 class=\"elementor-heading-title elementor-size-default\">Commandez vos modules pr\u00e9configur\u00e9s<\/h2>\t\t<\/div>\n\t\t\t\t<\/div>\n\t\t\t\t<div class=\"elementor-element elementor-element-64fbb84 elementor-widget elementor-widget-eael-creative-button\" data-id=\"64fbb84\" data-element_type=\"widget\" data-widget_type=\"eael-creative-button.default\">\n\t\t\t\t<div class=\"elementor-widget-container\">\n\t\t\t        <div class=\"eael-creative-button-wrapper\">\n\n            <a class=\"eael-creative-button eael-creative-button--default\" href=\"https:\/\/halzebatz.eu\/fr\/configurateur\/\" data-text=\"\">\n\n                <div class=\"creative-button-inner\">\n\n                    \n                    <span class=\"cretive-button-text\">CR\u00c9EZ VOTRE CONFIGURATION<\/span>\n\n                                    <\/div>\n            <\/a>\n        <\/div>\n\t\t<\/div>\n\t\t\t\t<\/div>\n\t\t\t\t<div class=\"elementor-element elementor-element-b9219b6 elementor-widget elementor-widget-spacer\" data-id=\"b9219b6\" data-element_type=\"widget\" data-widget_type=\"spacer.default\">\n\t\t\t\t<div class=\"elementor-widget-container\">\n\t\t\t\t\t<div class=\"elementor-spacer\">\n\t\t\t<div class=\"elementor-spacer-inner\"><\/div>\n\t\t<\/div>\n\t\t\t\t<\/div>\n\t\t\t\t<\/div>\n\t\t\t\t<div class=\"elementor-element elementor-element-9eaad65 elementor-widget elementor-widget-heading\" data-id=\"9eaad65\" data-element_type=\"widget\" data-widget_type=\"heading.default\">\n\t\t\t\t<div class=\"elementor-widget-container\">\n\t\t\t<h2 class=\"elementor-heading-title elementor-size-default\">ou contactez-nous pour une configuration personnalis\u00e9e<\/h2>\t\t<\/div>\n\t\t\t\t<\/div>\n\t\t\t\t<div class=\"elementor-element elementor-element-7a31b20 elementor-widget elementor-widget-eael-creative-button\" data-id=\"7a31b20\" data-element_type=\"widget\" data-widget_type=\"eael-creative-button.default\">\n\t\t\t\t<div class=\"elementor-widget-container\">\n\t\t\t        <div class=\"eael-creative-button-wrapper\">\n\n            <a class=\"eael-creative-button eael-creative-button--default\" href=\"https:\/\/halzebatz.eu\/fr\/contact\/\" data-text=\"\">\n\n                <div class=\"creative-button-inner\">\n\n                    \n                    <span class=\"cretive-button-text\">CONFIGURATION SUR DEMANDE<\/span>\n\n                                    <\/div>\n            <\/a>\n        <\/div>\n\t\t<\/div>\n\t\t\t\t<\/div>\n\t\t\t\t\t<\/div>\n\t\t<\/div>\n\t\t\t\t\t\t\t<\/div>\n\t\t<\/section>\n\t\t\t\t\t\t<\/div>\n\t\t\t\t\t<\/div>\n\t\t","protected":false},"excerpt":{"rendered":"<p>\u00c0 propos de nous L\u2019entreprise luxembourgeoise Halzebatz est le fruit de la collaboration entre Pit Streicher, Banice Architectes et La Maison de Demain, qui se sp\u00e9cialisent dans les conceptions minimalistes pour les maisons et les immeubles de bureaux. Nous imaginons, dessinons, concevons et fabriquons des tiny houses, des maisons modulaires, des bureaux modulaires et des [&hellip;]<\/p>\n","protected":false},"author":2,"featured_media":0,"parent":0,"menu_order":0,"comment_status":"closed","ping_status":"closed","template":"elementor_header_footer","meta":[],"yoast_head":"<!-- This site is optimized with the Yoast SEO plugin v18.8 - https:\/\/yoast.com\/wordpress\/plugins\/seo\/ -->\n<title>Halzebatz : des solutions modulaires mobiles et\/ou fixes<\/title>\n<meta name=\"description\" content=\"L\u2019entreprise luxembourgeoise Halzebatz imagine, dessine, con\u00e7oit et fabrique des tiny houses, des maisons, des bureaux et des b\u00e2timents modulaires\" \/>\n<meta name=\"robots\" content=\"index, follow, max-snippet:-1, max-image-preview:large, max-video-preview:-1\" \/>\n<link rel=\"canonical\" href=\"https:\/\/halzebatz.eu\/fr\/a-propos\/\" \/>\n<meta property=\"og:locale\" content=\"fr_FR\" \/>\n<meta property=\"og:type\" content=\"article\" \/>\n<meta property=\"og:title\" content=\"Halzebatz : des solutions modulaires mobiles et\/ou fixes\" \/>\n<meta property=\"og:description\" content=\"L\u2019entreprise luxembourgeoise Halzebatz imagine, dessine, con\u00e7oit et fabrique des tiny houses, des maisons, des bureaux et des b\u00e2timents modulaires\" \/>\n<meta property=\"og:url\" content=\"https:\/\/halzebatz.eu\/fr\/a-propos\/\" \/>\n<meta property=\"og:site_name\" content=\"Halzebatz\" \/>\n<meta property=\"article:publisher\" content=\"https:\/\/www.facebook.com\/Halzebatz\" \/>\n<meta property=\"article:modified_time\" content=\"2022-10-24T09:46:02+00:00\" \/>\n<meta property=\"og:image\" content=\"https:\/\/halzebatz.eu\/wp-content\/uploads\/2021\/04\/cropped-HB-LOGO-rgb-1000-onTransp-1-1-244x300.png\" \/>\n<meta name=\"twitter:card\" content=\"summary_large_image\" \/>\n<meta name=\"twitter:label1\" content=\"Dur\u00e9e de lecture estim\u00e9e\" \/>\n\t<meta name=\"twitter:data1\" content=\"3 minutes\" \/>\n<script type=\"application\/ld+json\" class=\"yoast-schema-graph\">{\"@context\":\"https:\/\/schema.org\",\"@graph\":[{\"@type\":\"Organization\",\"@id\":\"https:\/\/halzebatz.eu\/#organization\",\"name\":\"Halzebatz\",\"url\":\"https:\/\/halzebatz.eu\/\",\"sameAs\":[\"https:\/\/www.facebook.com\/Halzebatz\",\"https:\/\/www.instagram.com\/halzebatz\/\",\"https:\/\/www.linkedin.com\/company\/halzebatz\/\"],\"logo\":{\"@type\":\"ImageObject\",\"inLanguage\":\"fr-FR\",\"@id\":\"https:\/\/halzebatz.eu\/#\/schema\/logo\/image\/\",\"url\":\"https:\/\/halzebatz.eu\/wp-content\/uploads\/2021\/04\/HB-LOGO-rgb-1000-onTransp-.png\",\"contentUrl\":\"https:\/\/halzebatz.eu\/wp-content\/uploads\/2021\/04\/HB-LOGO-rgb-1000-onTransp-.png\",\"width\":1280,\"height\":1490,\"caption\":\"Halzebatz\"},\"image\":{\"@id\":\"https:\/\/halzebatz.eu\/#\/schema\/logo\/image\/\"}},{\"@type\":\"WebSite\",\"@id\":\"https:\/\/halzebatz.eu\/#website\",\"url\":\"https:\/\/halzebatz.eu\/\",\"name\":\"Halzebatz\",\"description\":\"mobil + modular\",\"publisher\":{\"@id\":\"https:\/\/halzebatz.eu\/#organization\"},\"potentialAction\":[{\"@type\":\"SearchAction\",\"target\":{\"@type\":\"EntryPoint\",\"urlTemplate\":\"https:\/\/halzebatz.eu\/?s={search_term_string}\"},\"query-input\":\"required name=search_term_string\"}],\"inLanguage\":\"fr-FR\"},{\"@type\":\"ImageObject\",\"inLanguage\":\"fr-FR\",\"@id\":\"https:\/\/halzebatz.eu\/fr\/a-propos\/#primaryimage\",\"url\":\"https:\/\/halzebatz.eu\/wp-content\/uploads\/2021\/04\/cropped-HB-LOGO-rgb-1000-onTransp-1-1.png\",\"contentUrl\":\"https:\/\/halzebatz.eu\/wp-content\/uploads\/2021\/04\/cropped-HB-LOGO-rgb-1000-onTransp-1-1.png\",\"width\":925,\"height\":1135},{\"@type\":\"WebPage\",\"@id\":\"https:\/\/halzebatz.eu\/fr\/a-propos\/#webpage\",\"url\":\"https:\/\/halzebatz.eu\/fr\/a-propos\/\",\"name\":\"Halzebatz : des solutions modulaires mobiles et\/ou fixes\",\"isPartOf\":{\"@id\":\"https:\/\/halzebatz.eu\/#website\"},\"primaryImageOfPage\":{\"@id\":\"https:\/\/halzebatz.eu\/fr\/a-propos\/#primaryimage\"},\"datePublished\":\"2022-10-19T06:54:19+00:00\",\"dateModified\":\"2022-10-24T09:46:02+00:00\",\"description\":\"L\u2019entreprise luxembourgeoise Halzebatz imagine, dessine, con\u00e7oit et fabrique des tiny houses, des maisons, des bureaux et des b\u00e2timents modulaires\",\"breadcrumb\":{\"@id\":\"https:\/\/halzebatz.eu\/fr\/a-propos\/#breadcrumb\"},\"inLanguage\":\"fr-FR\",\"potentialAction\":[{\"@type\":\"ReadAction\",\"target\":[\"https:\/\/halzebatz.eu\/fr\/a-propos\/\"]}]},{\"@type\":\"BreadcrumbList\",\"@id\":\"https:\/\/halzebatz.eu\/fr\/a-propos\/#breadcrumb\",\"itemListElement\":[{\"@type\":\"ListItem\",\"position\":1,\"name\":\"Accueil\",\"item\":\"https:\/\/halzebatz.eu\/fr\/\"},{\"@type\":\"ListItem\",\"position\":2,\"name\":\"\u00c0 propos\"}]}]}<\/script>\n<!-- \/ Yoast SEO plugin. -->","yoast_head_json":{"title":"Halzebatz : des solutions modulaires mobiles et\/ou fixes","description":"L\u2019entreprise luxembourgeoise Halzebatz imagine, dessine, con\u00e7oit et fabrique des tiny houses, des maisons, des bureaux et des b\u00e2timents modulaires","robots":{"index":"index","follow":"follow","max-snippet":"max-snippet:-1","max-image-preview":"max-image-preview:large","max-video-preview":"max-video-preview:-1"},"canonical":"https:\/\/halzebatz.eu\/fr\/a-propos\/","og_locale":"fr_FR","og_type":"article","og_title":"Halzebatz : des solutions modulaires mobiles et\/ou fixes","og_description":"L\u2019entreprise luxembourgeoise Halzebatz imagine, dessine, con\u00e7oit et fabrique des tiny houses, des maisons, des bureaux et des b\u00e2timents modulaires","og_url":"https:\/\/halzebatz.eu\/fr\/a-propos\/","og_site_name":"Halzebatz","article_publisher":"https:\/\/www.facebook.com\/Halzebatz","article_modified_time":"2022-10-24T09:46:02+00:00","og_image":[{"url":"https:\/\/halzebatz.eu\/wp-content\/uploads\/2021\/04\/cropped-HB-LOGO-rgb-1000-onTransp-1-1-244x300.png"}],"twitter_card":"summary_large_image","twitter_misc":{"Dur\u00e9e de lecture estim\u00e9e":"3 minutes"},"schema":{"@context":"https:\/\/schema.org","@graph":[{"@type":"Organization","@id":"https:\/\/halzebatz.eu\/#organization","name":"Halzebatz","url":"https:\/\/halzebatz.eu\/","sameAs":["https:\/\/www.facebook.com\/Halzebatz","https:\/\/www.instagram.com\/halzebatz\/","https:\/\/www.linkedin.com\/company\/halzebatz\/"],"logo":{"@type":"ImageObject","inLanguage":"fr-FR","@id":"https:\/\/halzebatz.eu\/#\/schema\/logo\/image\/","url":"https:\/\/halzebatz.eu\/wp-content\/uploads\/2021\/04\/HB-LOGO-rgb-1000-onTransp-.png","contentUrl":"https:\/\/halzebatz.eu\/wp-content\/uploads\/2021\/04\/HB-LOGO-rgb-1000-onTransp-.png","width":1280,"height":1490,"caption":"Halzebatz"},"image":{"@id":"https:\/\/halzebatz.eu\/#\/schema\/logo\/image\/"}},{"@type":"WebSite","@id":"https:\/\/halzebatz.eu\/#website","url":"https:\/\/halzebatz.eu\/","name":"Halzebatz","description":"mobil + modular","publisher":{"@id":"https:\/\/halzebatz.eu\/#organization"},"potentialAction":[{"@type":"SearchAction","target":{"@type":"EntryPoint","urlTemplate":"https:\/\/halzebatz.eu\/?s={search_term_string}"},"query-input":"required name=search_term_string"}],"inLanguage":"fr-FR"},{"@type":"ImageObject","inLanguage":"fr-FR","@id":"https:\/\/halzebatz.eu\/fr\/a-propos\/#primaryimage","url":"https:\/\/halzebatz.eu\/wp-content\/uploads\/2021\/04\/cropped-HB-LOGO-rgb-1000-onTransp-1-1.png","contentUrl":"https:\/\/halzebatz.eu\/wp-content\/uploads\/2021\/04\/cropped-HB-LOGO-rgb-1000-onTransp-1-1.png","width":925,"height":1135},{"@type":"WebPage","@id":"https:\/\/halzebatz.eu\/fr\/a-propos\/#webpage","url":"https:\/\/halzebatz.eu\/fr\/a-propos\/","name":"Halzebatz : des solutions modulaires mobiles et\/ou fixes","isPartOf":{"@id":"https:\/\/halzebatz.eu\/#website"},"primaryImageOfPage":{"@id":"https:\/\/halzebatz.eu\/fr\/a-propos\/#primaryimage"},"datePublished":"2022-10-19T06:54:19+00:00","dateModified":"2022-10-24T09:46:02+00:00","description":"L\u2019entreprise luxembourgeoise Halzebatz imagine, dessine, con\u00e7oit et fabrique des tiny houses, des maisons, des bureaux et des b\u00e2timents modulaires","breadcrumb":{"@id":"https:\/\/halzebatz.eu\/fr\/a-propos\/#breadcrumb"},"inLanguage":"fr-FR","potentialAction":[{"@type":"ReadAction","target":["https:\/\/halzebatz.eu\/fr\/a-propos\/"]}]},{"@type":"BreadcrumbList","@id":"https:\/\/halzebatz.eu\/fr\/a-propos\/#breadcrumb","itemListElement":[{"@type":"ListItem","position":1,"name":"Accueil","item":"https:\/\/halzebatz.eu\/fr\/"},{"@type":"ListItem","position":2,"name":"\u00c0 propos"}]}]}},"_links":{"self":[{"href":"https:\/\/halzebatz.eu\/fr\/wp-json\/wp\/v2\/pages\/4726"}],"collection":[{"href":"https:\/\/halzebatz.eu\/fr\/wp-json\/wp\/v2\/pages"}],"about":[{"href":"https:\/\/halzebatz.eu\/fr\/wp-json\/wp\/v2\/types\/page"}],"author":[{"embeddable":true,"href":"https:\/\/halzebatz.eu\/fr\/wp-json\/wp\/v2\/users\/2"}],"replies":[{"embeddable":true,"href":"https:\/\/halzebatz.eu\/fr\/wp-json\/wp\/v2\/comments?post=4726"}],"version-history":[{"count":59,"href":"https:\/\/halzebatz.eu\/fr\/wp-json\/wp\/v2\/pages\/4726\/revisions"}],"predecessor-version":[{"id":5265,"href":"https:\/\/halzebatz.eu\/fr\/wp-json\/wp\/v2\/pages\/4726\/revisions\/5265"}],"wp:attachment":[{"href":"https:\/\/halzebatz.eu\/fr\/wp-json\/wp\/v2\/media?parent=4726"}],"curies":[{"name":"wp","href":"https:\/\/api.w.org\/{rel}","templated":true}]}}