{"id":3116,"date":"2022-04-04T14:07:00","date_gmt":"2022-04-04T12:07:00","guid":{"rendered":"https:\/\/halzebatz.eu\/?page_id=3116"},"modified":"2022-10-24T11:52:18","modified_gmt":"2022-10-24T09:52:18","slug":"contact","status":"publish","type":"page","link":"https:\/\/halzebatz.eu\/fr\/contact\/","title":{"rendered":"Contact"},"content":{"rendered":"\t\t<div data-elementor-type=\"wp-page\" data-elementor-id=\"3116\" class=\"elementor elementor-3116\" data-elementor-settings=\"[]\">\n\t\t\t\t\t\t\t<div class=\"elementor-section-wrap\">\n\t\t\t\t\t\t\t<section class=\"elementor-section elementor-top-section elementor-element elementor-element-4ee9e717 elementor-section-boxed elementor-section-height-default elementor-section-height-default\" data-id=\"4ee9e717\" data-element_type=\"section\">\n\t\t\t\t\t\t<div class=\"elementor-container elementor-column-gap-default\">\n\t\t\t\t\t<div class=\"elementor-column elementor-col-100 elementor-top-column elementor-element elementor-element-33c650f9\" data-id=\"33c650f9\" data-element_type=\"column\">\n\t\t\t<div class=\"elementor-widget-wrap elementor-element-populated\">\n\t\t\t\t\t\t\t\t<div class=\"elementor-element elementor-element-ffef148 elementor-widget elementor-widget-heading\" data-id=\"ffef148\" data-element_type=\"widget\" data-widget_type=\"heading.default\">\n\t\t\t\t<div class=\"elementor-widget-container\">\n\t\t\t<h1 class=\"elementor-heading-title elementor-size-default\">Discutez de votre projet avec nous. <\/h1>\t\t<\/div>\n\t\t\t\t<\/div>\n\t\t\t\t<div class=\"elementor-element elementor-element-f5892ed elementor-widget elementor-widget-spacer\" data-id=\"f5892ed\" data-element_type=\"widget\" data-widget_type=\"spacer.default\">\n\t\t\t\t<div class=\"elementor-widget-container\">\n\t\t\t\t\t<div class=\"elementor-spacer\">\n\t\t\t<div class=\"elementor-spacer-inner\"><\/div>\n\t\t<\/div>\n\t\t\t\t<\/div>\n\t\t\t\t<\/div>\n\t\t\t\t<div class=\"elementor-element elementor-element-d0cdbb4 elementor-widget elementor-widget-heading\" data-id=\"d0cdbb4\" data-element_type=\"widget\" data-widget_type=\"heading.default\">\n\t\t\t\t<div class=\"elementor-widget-container\">\n\t\t\t<h2 class=\"elementor-heading-title elementor-size-default\">Nous proposons diff\u00e9rentes configurations de base, mais nous pouvons aussi cr\u00e9er enti\u00e8rement une structure modulaire personnalis\u00e9e. Nous mettrons tout en \u0153uvre pour concevoir une solution correspondant parfaitement \u00e0 vos besoins.<\/h2>\t\t<\/div>\n\t\t\t\t<\/div>\n\t\t\t\t<div class=\"elementor-element elementor-element-13bfd1a elementor-widget elementor-widget-spacer\" data-id=\"13bfd1a\" data-element_type=\"widget\" data-widget_type=\"spacer.default\">\n\t\t\t\t<div class=\"elementor-widget-container\">\n\t\t\t\t\t<div class=\"elementor-spacer\">\n\t\t\t<div class=\"elementor-spacer-inner\"><\/div>\n\t\t<\/div>\n\t\t\t\t<\/div>\n\t\t\t\t<\/div>\n\t\t\t\t<div class=\"elementor-element elementor-element-92281a8 eael-contact-form-7-button-align-left eael-contact-form-7-button-custom elementor-widget elementor-widget-eael-contact-form-7\" data-id=\"92281a8\" data-element_type=\"widget\" data-widget_type=\"eael-contact-form-7.default\">\n\t\t\t\t<div class=\"elementor-widget-container\">\n\t\t\t<div class=\"eael-contact-form-7-wrapper\">\n                <div class=\"eael-contact-form eael-contact-form-7 eael-contact-form-92281a8 placeholder-show eael-contact-form-align-default\"><div role=\"form\" class=\"wpcf7\" id=\"wpcf7-f328-o1\" lang=\"de-DE\" dir=\"ltr\">\n<div class=\"screen-reader-response\"><p role=\"status\" aria-live=\"polite\" aria-atomic=\"true\"><\/p> <ul><\/ul><\/div>\n<form action=\"\/fr\/wp-json\/wp\/v2\/pages\/3116#wpcf7-f328-o1\" method=\"post\" class=\"wpcf7-form init\" novalidate=\"novalidate\" data-status=\"init\">\n<div style=\"display: none;\">\n<input type=\"hidden\" name=\"_wpcf7\" value=\"328\" \/>\n<input type=\"hidden\" name=\"_wpcf7_version\" value=\"5.5.6\" \/>\n<input type=\"hidden\" name=\"_wpcf7_locale\" value=\"de_DE\" \/>\n<input type=\"hidden\" name=\"_wpcf7_unit_tag\" value=\"wpcf7-f328-o1\" \/>\n<input type=\"hidden\" name=\"_wpcf7_container_post\" value=\"0\" \/>\n<input type=\"hidden\" name=\"_wpcf7_posted_data_hash\" value=\"\" \/>\n<input type=\"hidden\" name=\"_wpcf7_recaptcha_response\" value=\"\" \/>\n<\/div>\n<p><label> Pr\u00e9nom et Nom<br \/>\n    <span class=\"wpcf7-form-control-wrap your-name\"><input type=\"text\" name=\"your-name\" value=\"\" size=\"40\" class=\"wpcf7-form-control wpcf7-text wpcf7-validates-as-required\" aria-required=\"true\" aria-invalid=\"false\" \/><\/span> <\/label><\/p>\n<p><label> E-mail<br \/>\n    <span class=\"wpcf7-form-control-wrap your-email\"><input type=\"email\" name=\"your-email\" value=\"\" size=\"40\" class=\"wpcf7-form-control wpcf7-text wpcf7-email wpcf7-validates-as-required wpcf7-validates-as-email\" aria-required=\"true\" aria-invalid=\"false\" \/><\/span> <\/label><\/p>\n<p><label> Num\u00e9ro de t\u00e9l\u00e9phone<br \/>\n    <span class=\"wpcf7-form-control-wrap tel-341\"><input type=\"tel\" name=\"tel-341\" value=\"\" size=\"40\" class=\"wpcf7-form-control wpcf7-text wpcf7-tel wpcf7-validates-as-tel\" aria-invalid=\"false\" \/><\/span> <\/label><\/p>\n<p><label> Comment souhaitez-vous \u00eatre recontact\u00e9(e) ?<br \/>\n    <span class=\"wpcf7-form-control-wrap menu-699\"><select name=\"menu-699\" class=\"wpcf7-form-control wpcf7-select wpcf7-validates-as-required\" aria-required=\"true\" aria-invalid=\"false\"><option value=\"\">---<\/option><option value=\"e-mail\">e-mail<\/option><option value=\"t\u00e9l\u00e9phone\">t\u00e9l\u00e9phone<\/option><\/select><\/span> <\/label><\/p>\n<p><label> Message<br \/>\n    <span class=\"wpcf7-form-control-wrap your-message\"><textarea name=\"your-message\" cols=\"40\" rows=\"10\" class=\"wpcf7-form-control wpcf7-textarea wpcf7-validates-as-required\" aria-required=\"true\" aria-invalid=\"false\"><\/textarea><\/span> <\/label><\/p>\n<p><input type=\"submit\" value=\"Envoyer\" class=\"wpcf7-form-control has-spinner wpcf7-submit\" \/><\/p>\n<div class=\"wpcf7-response-output\" aria-hidden=\"true\"><\/div><\/form><\/div><\/div>\n            <\/div>\t\t<\/div>\n\t\t\t\t<\/div>\n\t\t\t\t\t<\/div>\n\t\t<\/div>\n\t\t\t\t\t\t\t<\/div>\n\t\t<\/section>\n\t\t\t\t\t\t<\/div>\n\t\t\t\t\t<\/div>\n\t\t","protected":false},"excerpt":{"rendered":"<p>Discutez de votre projet avec nous. Nous proposons diff\u00e9rentes configurations de base, mais nous pouvons aussi cr\u00e9er enti\u00e8rement une structure modulaire personnalis\u00e9e. Nous mettrons tout en \u0153uvre pour concevoir une solution correspondant parfaitement \u00e0 vos besoins. Pr\u00e9nom et Nom E-mail Num\u00e9ro de t\u00e9l\u00e9phone Comment souhaitez-vous \u00eatre recontact\u00e9(e) ? &#8212;e-mailt\u00e9l\u00e9phone Message<\/p>\n","protected":false},"author":2,"featured_media":0,"parent":0,"menu_order":0,"comment_status":"closed","ping_status":"closed","template":"elementor_header_footer","meta":[],"yoast_head":"<!-- This site is optimized with the Yoast SEO plugin v18.8 - https:\/\/yoast.com\/wordpress\/plugins\/seo\/ -->\n<title>Contact - Maison mobile et Tiny house Halzebatz<\/title>\n<meta name=\"description\" content=\"Faites le choix du bois CLT ! Contactez-nous et nous vous r\u00e9pondrons le plus rapidement possible \u00e0 propos de votre projet.\" \/>\n<meta name=\"robots\" content=\"index, follow, max-snippet:-1, max-image-preview:large, max-video-preview:-1\" \/>\n<link rel=\"canonical\" href=\"https:\/\/halzebatz.eu\/fr\/contact\/\" \/>\n<meta property=\"og:locale\" content=\"fr_FR\" \/>\n<meta property=\"og:type\" content=\"article\" \/>\n<meta property=\"og:title\" content=\"Contact - Maison mobile et Tiny house Halzebatz\" \/>\n<meta property=\"og:description\" content=\"Faites le choix du bois CLT ! Contactez-nous et nous vous r\u00e9pondrons le plus rapidement possible \u00e0 propos de votre projet.\" \/>\n<meta property=\"og:url\" content=\"https:\/\/halzebatz.eu\/fr\/contact\/\" \/>\n<meta property=\"og:site_name\" content=\"Halzebatz\" \/>\n<meta property=\"article:publisher\" content=\"https:\/\/www.facebook.com\/Halzebatz\" \/>\n<meta property=\"article:modified_time\" content=\"2022-10-24T09:52:18+00:00\" \/>\n<meta name=\"twitter:card\" content=\"summary_large_image\" \/>\n<meta name=\"twitter:label1\" content=\"Dur\u00e9e de lecture estim\u00e9e\" \/>\n\t<meta name=\"twitter:data1\" content=\"1 minute\" \/>\n<script type=\"application\/ld+json\" class=\"yoast-schema-graph\">{\"@context\":\"https:\/\/schema.org\",\"@graph\":[{\"@type\":\"Organization\",\"@id\":\"https:\/\/halzebatz.eu\/#organization\",\"name\":\"Halzebatz\",\"url\":\"https:\/\/halzebatz.eu\/\",\"sameAs\":[\"https:\/\/www.facebook.com\/Halzebatz\",\"https:\/\/www.instagram.com\/halzebatz\/\",\"https:\/\/www.linkedin.com\/company\/halzebatz\/\"],\"logo\":{\"@type\":\"ImageObject\",\"inLanguage\":\"fr-FR\",\"@id\":\"https:\/\/halzebatz.eu\/#\/schema\/logo\/image\/\",\"url\":\"https:\/\/halzebatz.eu\/wp-content\/uploads\/2021\/04\/HB-LOGO-rgb-1000-onTransp-.png\",\"contentUrl\":\"https:\/\/halzebatz.eu\/wp-content\/uploads\/2021\/04\/HB-LOGO-rgb-1000-onTransp-.png\",\"width\":1280,\"height\":1490,\"caption\":\"Halzebatz\"},\"image\":{\"@id\":\"https:\/\/halzebatz.eu\/#\/schema\/logo\/image\/\"}},{\"@type\":\"WebSite\",\"@id\":\"https:\/\/halzebatz.eu\/#website\",\"url\":\"https:\/\/halzebatz.eu\/\",\"name\":\"Halzebatz\",\"description\":\"mobil + modular\",\"publisher\":{\"@id\":\"https:\/\/halzebatz.eu\/#organization\"},\"potentialAction\":[{\"@type\":\"SearchAction\",\"target\":{\"@type\":\"EntryPoint\",\"urlTemplate\":\"https:\/\/halzebatz.eu\/?s={search_term_string}\"},\"query-input\":\"required name=search_term_string\"}],\"inLanguage\":\"fr-FR\"},{\"@type\":[\"WebPage\",\"ContactPage\"],\"@id\":\"https:\/\/halzebatz.eu\/fr\/contact\/#webpage\",\"url\":\"https:\/\/halzebatz.eu\/fr\/contact\/\",\"name\":\"Contact - Maison mobile et Tiny house Halzebatz\",\"isPartOf\":{\"@id\":\"https:\/\/halzebatz.eu\/#website\"},\"datePublished\":\"2022-04-04T12:07:00+00:00\",\"dateModified\":\"2022-10-24T09:52:18+00:00\",\"description\":\"Faites le choix du bois CLT ! Contactez-nous et nous vous r\u00e9pondrons le plus rapidement possible \u00e0 propos de votre projet.\",\"breadcrumb\":{\"@id\":\"https:\/\/halzebatz.eu\/fr\/contact\/#breadcrumb\"},\"inLanguage\":\"fr-FR\",\"potentialAction\":[{\"@type\":\"ReadAction\",\"target\":[\"https:\/\/halzebatz.eu\/fr\/contact\/\"]}]},{\"@type\":\"BreadcrumbList\",\"@id\":\"https:\/\/halzebatz.eu\/fr\/contact\/#breadcrumb\",\"itemListElement\":[{\"@type\":\"ListItem\",\"position\":1,\"name\":\"Accueil\",\"item\":\"https:\/\/halzebatz.eu\/fr\/\"},{\"@type\":\"ListItem\",\"position\":2,\"name\":\"Contact\"}]}]}<\/script>\n<!-- \/ Yoast SEO plugin. -->","yoast_head_json":{"title":"Contact - Maison mobile et Tiny house Halzebatz","description":"Faites le choix du bois CLT ! Contactez-nous et nous vous r\u00e9pondrons le plus rapidement possible \u00e0 propos de votre projet.","robots":{"index":"index","follow":"follow","max-snippet":"max-snippet:-1","max-image-preview":"max-image-preview:large","max-video-preview":"max-video-preview:-1"},"canonical":"https:\/\/halzebatz.eu\/fr\/contact\/","og_locale":"fr_FR","og_type":"article","og_title":"Contact - Maison mobile et Tiny house Halzebatz","og_description":"Faites le choix du bois CLT ! Contactez-nous et nous vous r\u00e9pondrons le plus rapidement possible \u00e0 propos de votre projet.","og_url":"https:\/\/halzebatz.eu\/fr\/contact\/","og_site_name":"Halzebatz","article_publisher":"https:\/\/www.facebook.com\/Halzebatz","article_modified_time":"2022-10-24T09:52:18+00:00","twitter_card":"summary_large_image","twitter_misc":{"Dur\u00e9e de lecture estim\u00e9e":"1 minute"},"schema":{"@context":"https:\/\/schema.org","@graph":[{"@type":"Organization","@id":"https:\/\/halzebatz.eu\/#organization","name":"Halzebatz","url":"https:\/\/halzebatz.eu\/","sameAs":["https:\/\/www.facebook.com\/Halzebatz","https:\/\/www.instagram.com\/halzebatz\/","https:\/\/www.linkedin.com\/company\/halzebatz\/"],"logo":{"@type":"ImageObject","inLanguage":"fr-FR","@id":"https:\/\/halzebatz.eu\/#\/schema\/logo\/image\/","url":"https:\/\/halzebatz.eu\/wp-content\/uploads\/2021\/04\/HB-LOGO-rgb-1000-onTransp-.png","contentUrl":"https:\/\/halzebatz.eu\/wp-content\/uploads\/2021\/04\/HB-LOGO-rgb-1000-onTransp-.png","width":1280,"height":1490,"caption":"Halzebatz"},"image":{"@id":"https:\/\/halzebatz.eu\/#\/schema\/logo\/image\/"}},{"@type":"WebSite","@id":"https:\/\/halzebatz.eu\/#website","url":"https:\/\/halzebatz.eu\/","name":"Halzebatz","description":"mobil + modular","publisher":{"@id":"https:\/\/halzebatz.eu\/#organization"},"potentialAction":[{"@type":"SearchAction","target":{"@type":"EntryPoint","urlTemplate":"https:\/\/halzebatz.eu\/?s={search_term_string}"},"query-input":"required name=search_term_string"}],"inLanguage":"fr-FR"},{"@type":["WebPage","ContactPage"],"@id":"https:\/\/halzebatz.eu\/fr\/contact\/#webpage","url":"https:\/\/halzebatz.eu\/fr\/contact\/","name":"Contact - Maison mobile et Tiny house Halzebatz","isPartOf":{"@id":"https:\/\/halzebatz.eu\/#website"},"datePublished":"2022-04-04T12:07:00+00:00","dateModified":"2022-10-24T09:52:18+00:00","description":"Faites le choix du bois CLT ! Contactez-nous et nous vous r\u00e9pondrons le plus rapidement possible \u00e0 propos de votre projet.","breadcrumb":{"@id":"https:\/\/halzebatz.eu\/fr\/contact\/#breadcrumb"},"inLanguage":"fr-FR","potentialAction":[{"@type":"ReadAction","target":["https:\/\/halzebatz.eu\/fr\/contact\/"]}]},{"@type":"BreadcrumbList","@id":"https:\/\/halzebatz.eu\/fr\/contact\/#breadcrumb","itemListElement":[{"@type":"ListItem","position":1,"name":"Accueil","item":"https:\/\/halzebatz.eu\/fr\/"},{"@type":"ListItem","position":2,"name":"Contact"}]}]}},"_links":{"self":[{"href":"https:\/\/halzebatz.eu\/fr\/wp-json\/wp\/v2\/pages\/3116"}],"collection":[{"href":"https:\/\/halzebatz.eu\/fr\/wp-json\/wp\/v2\/pages"}],"about":[{"href":"https:\/\/halzebatz.eu\/fr\/wp-json\/wp\/v2\/types\/page"}],"author":[{"embeddable":true,"href":"https:\/\/halzebatz.eu\/fr\/wp-json\/wp\/v2\/users\/2"}],"replies":[{"embeddable":true,"href":"https:\/\/halzebatz.eu\/fr\/wp-json\/wp\/v2\/comments?post=3116"}],"version-history":[{"count":38,"href":"https:\/\/halzebatz.eu\/fr\/wp-json\/wp\/v2\/pages\/3116\/revisions"}],"predecessor-version":[{"id":5299,"href":"https:\/\/halzebatz.eu\/fr\/wp-json\/wp\/v2\/pages\/3116\/revisions\/5299"}],"wp:attachment":[{"href":"https:\/\/halzebatz.eu\/fr\/wp-json\/wp\/v2\/media?parent=3116"}],"curies":[{"name":"wp","href":"https:\/\/api.w.org\/{rel}","templated":true}]}}