{"id":1053,"date":"2021-08-16T16:18:25","date_gmt":"2021-08-16T14:18:25","guid":{"rendered":"https:\/\/halzebatz.eu\/?page_id=1053"},"modified":"2022-10-24T11:46:34","modified_gmt":"2022-10-24T09:46:34","slug":"accessoires","status":"publish","type":"page","link":"https:\/\/halzebatz.eu\/fr\/accessoires\/","title":{"rendered":"Accessoires"},"content":{"rendered":"\t\t<div data-elementor-type=\"wp-page\" data-elementor-id=\"1053\" class=\"elementor elementor-1053\" data-elementor-settings=\"[]\">\n\t\t\t\t\t\t\t<div class=\"elementor-section-wrap\">\n\t\t\t\t\t\t\t<section class=\"elementor-section elementor-top-section elementor-element elementor-element-4ee9e717 elementor-section-boxed elementor-section-height-default elementor-section-height-default\" data-id=\"4ee9e717\" data-element_type=\"section\">\n\t\t\t\t\t\t<div class=\"elementor-container elementor-column-gap-default\">\n\t\t\t\t\t<div class=\"elementor-column elementor-col-100 elementor-top-column elementor-element elementor-element-33c650f9\" data-id=\"33c650f9\" data-element_type=\"column\">\n\t\t\t<div class=\"elementor-widget-wrap elementor-element-populated\">\n\t\t\t\t\t\t\t\t<div class=\"elementor-element elementor-element-2fed53f elementor-widget elementor-widget-heading\" data-id=\"2fed53f\" data-element_type=\"widget\" data-widget_type=\"heading.default\">\n\t\t\t\t<div class=\"elementor-widget-container\">\n\t\t\t<h1 class=\"elementor-heading-title elementor-size-default\">Accessoires<\/h1>\t\t<\/div>\n\t\t\t\t<\/div>\n\t\t\t\t<div class=\"elementor-element elementor-element-2ebf0a3 elementor-widget elementor-widget-spacer\" data-id=\"2ebf0a3\" data-element_type=\"widget\" data-widget_type=\"spacer.default\">\n\t\t\t\t<div class=\"elementor-widget-container\">\n\t\t\t\t\t<div class=\"elementor-spacer\">\n\t\t\t<div class=\"elementor-spacer-inner\"><\/div>\n\t\t<\/div>\n\t\t\t\t<\/div>\n\t\t\t\t<\/div>\n\t\t\t\t<div class=\"elementor-element elementor-element-6199e68 elementor-widget elementor-widget-text-editor\" data-id=\"6199e68\" data-element_type=\"widget\" data-widget_type=\"text-editor.default\">\n\t\t\t\t<div class=\"elementor-widget-container\">\n\t\t\t\t\t\t\t<p><strong>\u00c9conomiques, \u00e9cologiques et de qualit\u00e9 sup\u00e9rieure. <br \/>Les accessoires embarqu\u00e9s dans nos modules en bois CLT feront la diff\u00e9rence au quotidien.<\/strong><\/p>\t\t\t\t\t\t<\/div>\n\t\t\t\t<\/div>\n\t\t\t\t<div class=\"elementor-element elementor-element-124c76e elementor-widget elementor-widget-button\" data-id=\"124c76e\" data-element_type=\"widget\" data-widget_type=\"button.default\">\n\t\t\t\t<div class=\"elementor-widget-container\">\n\t\t\t\t\t<div class=\"elementor-button-wrapper\">\n\t\t\t<a href=\"https:\/\/halzebatz.eu\/wp-content\/uploads\/2022\/05\/220308_HALZEBATZ_DESCRIPTIF_COMMERCIAL-.pdf\" target=\"_blank\" class=\"elementor-button-link elementor-button elementor-size-md\" role=\"button\">\n\t\t\t\t\t\t<span class=\"elementor-button-content-wrapper\">\n\t\t\t\t\t\t<span class=\"elementor-button-text\">Pacourir le descriptif d\u00e9taill\u00e9<\/span>\n\t\t<\/span>\n\t\t\t\t\t<\/a>\n\t\t<\/div>\n\t\t\t\t<\/div>\n\t\t\t\t<\/div>\n\t\t\t\t\t<\/div>\n\t\t<\/div>\n\t\t\t\t\t\t\t<\/div>\n\t\t<\/section>\n\t\t\t\t<section class=\"elementor-section elementor-top-section elementor-element elementor-element-14aaf2b elementor-section-boxed elementor-section-height-default elementor-section-height-default\" data-id=\"14aaf2b\" data-element_type=\"section\">\n\t\t\t\t\t\t<div class=\"elementor-container elementor-column-gap-default\">\n\t\t\t\t\t<div class=\"elementor-column elementor-col-100 elementor-top-column elementor-element elementor-element-4d5cf83\" data-id=\"4d5cf83\" data-element_type=\"column\">\n\t\t\t<div class=\"elementor-widget-wrap elementor-element-populated\">\n\t\t\t\t\t\t\t\t<div class=\"elementor-element elementor-element-25c1323 elementor-widget elementor-widget-text-editor\" data-id=\"25c1323\" data-element_type=\"widget\" data-widget_type=\"text-editor.default\">\n\t\t\t\t<div class=\"elementor-widget-container\">\n\t\t\t\t\t\t\t<p><em><b>Dans le d\u00e9tail :<\/b><\/em><\/p>\t\t\t\t\t\t<\/div>\n\t\t\t\t<\/div>\n\t\t\t\t\t<\/div>\n\t\t<\/div>\n\t\t\t\t\t\t\t<\/div>\n\t\t<\/section>\n\t\t\t\t<section class=\"elementor-section elementor-top-section elementor-element elementor-element-66ce0ab elementor-section-content-top elementor-section-boxed elementor-section-height-default elementor-section-height-default\" data-id=\"66ce0ab\" data-element_type=\"section\">\n\t\t\t\t\t\t<div class=\"elementor-container elementor-column-gap-default\">\n\t\t\t\t\t<div class=\"elementor-column elementor-col-50 elementor-top-column elementor-element elementor-element-b3b01c1\" data-id=\"b3b01c1\" data-element_type=\"column\">\n\t\t\t<div class=\"elementor-widget-wrap elementor-element-populated\">\n\t\t\t\t\t\t\t\t<div class=\"elementor-element elementor-element-7985858 elementor-widget elementor-widget-text-editor\" data-id=\"7985858\" data-element_type=\"widget\" data-widget_type=\"text-editor.default\">\n\t\t\t\t<div class=\"elementor-widget-container\">\n\t\t\t\t\t\t\t<p><strong>AQUABION\u00ae<br \/><\/strong>Une qualit\u00e9 d\u2019eau optimale gr\u00e2ce \u00e0 la technologie brevet\u00e9e de l\u2019anode active.<\/p>\t\t\t\t\t\t<\/div>\n\t\t\t\t<\/div>\n\t\t\t\t<div class=\"elementor-element elementor-element-fea0b0c elementor-widget elementor-widget-button\" data-id=\"fea0b0c\" data-element_type=\"widget\" data-widget_type=\"button.default\">\n\t\t\t\t<div class=\"elementor-widget-container\">\n\t\t\t\t\t<div class=\"elementor-button-wrapper\">\n\t\t\t<a href=\"https:\/\/innovations.house\/fr\/aquabion\/\" target=\"_blank\" class=\"elementor-button-link elementor-button elementor-size-sm\" role=\"button\">\n\t\t\t\t\t\t<span class=\"elementor-button-content-wrapper\">\n\t\t\t\t\t\t<span class=\"elementor-button-text\">En savoir plus<\/span>\n\t\t<\/span>\n\t\t\t\t\t<\/a>\n\t\t<\/div>\n\t\t\t\t<\/div>\n\t\t\t\t<\/div>\n\t\t\t\t\t<\/div>\n\t\t<\/div>\n\t\t\t\t<div class=\"elementor-column elementor-col-50 elementor-top-column elementor-element elementor-element-a04fe8f\" data-id=\"a04fe8f\" data-element_type=\"column\">\n\t\t\t<div class=\"elementor-widget-wrap elementor-element-populated\">\n\t\t\t\t\t\t\t\t<div class=\"elementor-element elementor-element-bab0018 elementor-widget elementor-widget-image\" data-id=\"bab0018\" data-element_type=\"widget\" data-widget_type=\"image.default\">\n\t\t\t\t<div class=\"elementor-widget-container\">\n\t\t\t\t\t\t\t\t\t\t\t\t\t\t\t<img decoding=\"async\" src=\"https:\/\/halzebatz.eu\/wp-content\/uploads\/elementor\/thumbs\/Aquabion-pbpctqr3rn0b1j6di1airtbnhbdz92slrh2e5w9pjy.jpg\" title=\"Aquabion\" alt=\"Aquabion\" \/>\t\t\t\t\t\t\t\t\t\t\t\t\t\t\t<\/div>\n\t\t\t\t<\/div>\n\t\t\t\t<div class=\"elementor-element elementor-element-3cb6b2c elementor-widget elementor-widget-spacer\" data-id=\"3cb6b2c\" data-element_type=\"widget\" data-widget_type=\"spacer.default\">\n\t\t\t\t<div class=\"elementor-widget-container\">\n\t\t\t\t\t<div class=\"elementor-spacer\">\n\t\t\t<div class=\"elementor-spacer-inner\"><\/div>\n\t\t<\/div>\n\t\t\t\t<\/div>\n\t\t\t\t<\/div>\n\t\t\t\t\t<\/div>\n\t\t<\/div>\n\t\t\t\t\t\t\t<\/div>\n\t\t<\/section>\n\t\t\t\t<section class=\"elementor-section elementor-top-section elementor-element elementor-element-5286d9b elementor-section-content-top elementor-section-boxed elementor-section-height-default elementor-section-height-default\" data-id=\"5286d9b\" data-element_type=\"section\">\n\t\t\t\t\t\t<div class=\"elementor-container elementor-column-gap-default\">\n\t\t\t\t\t<div class=\"elementor-column elementor-col-50 elementor-top-column elementor-element elementor-element-d887334\" data-id=\"d887334\" data-element_type=\"column\">\n\t\t\t<div class=\"elementor-widget-wrap elementor-element-populated\">\n\t\t\t\t\t\t\t\t<div class=\"elementor-element elementor-element-b7ce467 elementor-widget elementor-widget-text-editor\" data-id=\"b7ce467\" data-element_type=\"widget\" data-widget_type=\"text-editor.default\">\n\t\t\t\t<div class=\"elementor-widget-container\">\n\t\t\t\t\t\t\t<p><strong>wecemat\u00ae<br \/><\/strong>G\u00e9rer la consommation d\u2019eau avec l\u2019adaptateur wecemat.<\/p>\t\t\t\t\t\t<\/div>\n\t\t\t\t<\/div>\n\t\t\t\t<div class=\"elementor-element elementor-element-e353eb1 elementor-widget elementor-widget-button\" data-id=\"e353eb1\" data-element_type=\"widget\" data-widget_type=\"button.default\">\n\t\t\t\t<div class=\"elementor-widget-container\">\n\t\t\t\t\t<div class=\"elementor-button-wrapper\">\n\t\t\t<a href=\"https:\/\/innovations.house\/fr\/wecemat-2\/\" target=\"_blank\" class=\"elementor-button-link elementor-button elementor-size-sm\" role=\"button\">\n\t\t\t\t\t\t<span class=\"elementor-button-content-wrapper\">\n\t\t\t\t\t\t<span class=\"elementor-button-text\">En savoir plus<\/span>\n\t\t<\/span>\n\t\t\t\t\t<\/a>\n\t\t<\/div>\n\t\t\t\t<\/div>\n\t\t\t\t<\/div>\n\t\t\t\t\t<\/div>\n\t\t<\/div>\n\t\t\t\t<div class=\"elementor-column elementor-col-50 elementor-top-column elementor-element elementor-element-d317bf0\" data-id=\"d317bf0\" data-element_type=\"column\">\n\t\t\t<div class=\"elementor-widget-wrap elementor-element-populated\">\n\t\t\t\t\t\t\t\t<div class=\"elementor-element elementor-element-24ff2a2 elementor-widget elementor-widget-image\" data-id=\"24ff2a2\" data-element_type=\"widget\" data-widget_type=\"image.default\">\n\t\t\t\t<div class=\"elementor-widget-container\">\n\t\t\t\t\t\t\t\t\t\t\t\t\t\t\t<img decoding=\"async\" src=\"https:\/\/halzebatz.eu\/wp-content\/uploads\/elementor\/thumbs\/wecemat-pbpd8pcmjphlu3g1503qyjerv3narn6stivm5g346o.jpg\" title=\"wecemat\" alt=\"wecemat\" \/>\t\t\t\t\t\t\t\t\t\t\t\t\t\t\t<\/div>\n\t\t\t\t<\/div>\n\t\t\t\t<div class=\"elementor-element elementor-element-9a482ce elementor-widget elementor-widget-spacer\" data-id=\"9a482ce\" data-element_type=\"widget\" data-widget_type=\"spacer.default\">\n\t\t\t\t<div class=\"elementor-widget-container\">\n\t\t\t\t\t<div class=\"elementor-spacer\">\n\t\t\t<div class=\"elementor-spacer-inner\"><\/div>\n\t\t<\/div>\n\t\t\t\t<\/div>\n\t\t\t\t<\/div>\n\t\t\t\t\t<\/div>\n\t\t<\/div>\n\t\t\t\t\t\t\t<\/div>\n\t\t<\/section>\n\t\t\t\t<section class=\"elementor-section elementor-top-section elementor-element elementor-element-1b412ac elementor-section-content-top elementor-section-boxed elementor-section-height-default elementor-section-height-default\" data-id=\"1b412ac\" data-element_type=\"section\">\n\t\t\t\t\t\t<div class=\"elementor-container elementor-column-gap-default\">\n\t\t\t\t\t<div class=\"elementor-column elementor-col-50 elementor-top-column elementor-element elementor-element-5c72890\" data-id=\"5c72890\" data-element_type=\"column\">\n\t\t\t<div class=\"elementor-widget-wrap elementor-element-populated\">\n\t\t\t\t\t\t\t\t<div class=\"elementor-element elementor-element-8545a78 elementor-widget elementor-widget-text-editor\" data-id=\"8545a78\" data-element_type=\"widget\" data-widget_type=\"text-editor.default\">\n\t\t\t\t<div class=\"elementor-widget-container\">\n\t\t\t\t\t\t\t<p><strong>Starfloor Click<br \/><\/strong>Rev\u00eatement de sol.<\/p>\t\t\t\t\t\t<\/div>\n\t\t\t\t<\/div>\n\t\t\t\t\t<\/div>\n\t\t<\/div>\n\t\t\t\t<div class=\"elementor-column elementor-col-50 elementor-top-column elementor-element elementor-element-70c3e16\" data-id=\"70c3e16\" data-element_type=\"column\">\n\t\t\t<div class=\"elementor-widget-wrap elementor-element-populated\">\n\t\t\t\t\t\t\t\t<div class=\"elementor-element elementor-element-9f46a55 elementor-widget elementor-widget-image\" data-id=\"9f46a55\" data-element_type=\"widget\" data-widget_type=\"image.default\">\n\t\t\t\t<div class=\"elementor-widget-container\">\n\t\t\t\t\t\t\t\t\t\t\t\t\t\t\t<img decoding=\"async\" src=\"https:\/\/halzebatz.eu\/wp-content\/uploads\/elementor\/thumbs\/Starfloor_Click_Ultimate_55_Concrete_light_grey-pds1cp2i2j1u14q6o88ojgpdo2tcmfafqexjdfaek2.jpg\" title=\"Starfloor_Click_Ultimate_55_Concrete_light_grey\" alt=\"Starfloor_Click_Ultimate_55_Concrete_light_grey\" \/>\t\t\t\t\t\t\t\t\t\t\t\t\t\t\t<\/div>\n\t\t\t\t<\/div>\n\t\t\t\t\t<\/div>\n\t\t<\/div>\n\t\t\t\t\t\t\t<\/div>\n\t\t<\/section>\n\t\t\t\t<section class=\"elementor-section elementor-top-section elementor-element elementor-element-b006329 elementor-section-boxed elementor-section-height-default elementor-section-height-default\" data-id=\"b006329\" data-element_type=\"section\">\n\t\t\t\t\t\t<div class=\"elementor-container elementor-column-gap-default\">\n\t\t\t\t\t<div class=\"elementor-column elementor-col-100 elementor-top-column elementor-element elementor-element-3344628\" data-id=\"3344628\" data-element_type=\"column\">\n\t\t\t<div class=\"elementor-widget-wrap elementor-element-populated\">\n\t\t\t\t\t\t\t\t<div class=\"elementor-element elementor-element-8f169a1 elementor-widget elementor-widget-spacer\" data-id=\"8f169a1\" data-element_type=\"widget\" data-widget_type=\"spacer.default\">\n\t\t\t\t<div class=\"elementor-widget-container\">\n\t\t\t\t\t<div class=\"elementor-spacer\">\n\t\t\t<div class=\"elementor-spacer-inner\"><\/div>\n\t\t<\/div>\n\t\t\t\t<\/div>\n\t\t\t\t<\/div>\n\t\t\t\t\t<\/div>\n\t\t<\/div>\n\t\t\t\t\t\t\t<\/div>\n\t\t<\/section>\n\t\t\t\t\t\t<\/div>\n\t\t\t\t\t<\/div>\n\t\t","protected":false},"excerpt":{"rendered":"<p>Accessoires \u00c9conomiques, \u00e9cologiques et de qualit\u00e9 sup\u00e9rieure. Les accessoires embarqu\u00e9s dans nos modules en bois CLT feront la diff\u00e9rence au quotidien. Pacourir le descriptif d\u00e9taill\u00e9 Dans le d\u00e9tail : AQUABION\u00aeUne qualit\u00e9 d\u2019eau optimale gr\u00e2ce \u00e0 la technologie brevet\u00e9e de l\u2019anode active. En savoir plus wecemat\u00aeG\u00e9rer la consommation d\u2019eau avec l\u2019adaptateur wecemat. En savoir plus Starfloor [&hellip;]<\/p>\n","protected":false},"author":2,"featured_media":0,"parent":0,"menu_order":0,"comment_status":"closed","ping_status":"closed","template":"elementor_header_footer","meta":[],"yoast_head":"<!-- This site is optimized with the Yoast SEO plugin v18.8 - https:\/\/yoast.com\/wordpress\/plugins\/seo\/ -->\n<title>Accessoires - Maison mobile et Tiny house Halzebatz<\/title>\n<meta name=\"description\" content=\"\u00c9conomiques, \u00e9cologiques et de qualit\u00e9 sup\u00e9rieure. Les accessoires embarqu\u00e9s dans nos modules feront la diff\u00e9rence au quotidien.\" \/>\n<meta name=\"robots\" content=\"index, follow, max-snippet:-1, max-image-preview:large, max-video-preview:-1\" \/>\n<link rel=\"canonical\" href=\"https:\/\/halzebatz.eu\/fr\/accessoires\/\" \/>\n<meta property=\"og:locale\" content=\"fr_FR\" \/>\n<meta property=\"og:type\" content=\"article\" \/>\n<meta property=\"og:title\" content=\"Accessoires - Maison mobile et Tiny house Halzebatz\" \/>\n<meta property=\"og:description\" content=\"\u00c9conomiques, \u00e9cologiques et de qualit\u00e9 sup\u00e9rieure. Les accessoires embarqu\u00e9s dans nos modules feront la diff\u00e9rence au quotidien.\" \/>\n<meta property=\"og:url\" content=\"https:\/\/halzebatz.eu\/fr\/accessoires\/\" \/>\n<meta property=\"og:site_name\" content=\"Halzebatz\" \/>\n<meta property=\"article:publisher\" content=\"https:\/\/www.facebook.com\/Halzebatz\" \/>\n<meta property=\"article:modified_time\" content=\"2022-10-24T09:46:34+00:00\" \/>\n<meta property=\"og:image\" content=\"https:\/\/halzebatz.eu\/wp-content\/uploads\/elementor\/thumbs\/Aquabion-pbpctqr3rn0b1j6di1airtbnhbdz92slrh2e5w9pjy.jpg\" \/>\n<meta name=\"twitter:card\" content=\"summary_large_image\" \/>\n<meta name=\"twitter:label1\" content=\"Dur\u00e9e de lecture estim\u00e9e\" \/>\n\t<meta name=\"twitter:data1\" content=\"1 minute\" \/>\n<script type=\"application\/ld+json\" class=\"yoast-schema-graph\">{\"@context\":\"https:\/\/schema.org\",\"@graph\":[{\"@type\":\"Organization\",\"@id\":\"https:\/\/halzebatz.eu\/#organization\",\"name\":\"Halzebatz\",\"url\":\"https:\/\/halzebatz.eu\/\",\"sameAs\":[\"https:\/\/www.facebook.com\/Halzebatz\",\"https:\/\/www.instagram.com\/halzebatz\/\",\"https:\/\/www.linkedin.com\/company\/halzebatz\/\"],\"logo\":{\"@type\":\"ImageObject\",\"inLanguage\":\"fr-FR\",\"@id\":\"https:\/\/halzebatz.eu\/#\/schema\/logo\/image\/\",\"url\":\"https:\/\/halzebatz.eu\/wp-content\/uploads\/2021\/04\/HB-LOGO-rgb-1000-onTransp-.png\",\"contentUrl\":\"https:\/\/halzebatz.eu\/wp-content\/uploads\/2021\/04\/HB-LOGO-rgb-1000-onTransp-.png\",\"width\":1280,\"height\":1490,\"caption\":\"Halzebatz\"},\"image\":{\"@id\":\"https:\/\/halzebatz.eu\/#\/schema\/logo\/image\/\"}},{\"@type\":\"WebSite\",\"@id\":\"https:\/\/halzebatz.eu\/#website\",\"url\":\"https:\/\/halzebatz.eu\/\",\"name\":\"Halzebatz\",\"description\":\"mobil + modular\",\"publisher\":{\"@id\":\"https:\/\/halzebatz.eu\/#organization\"},\"potentialAction\":[{\"@type\":\"SearchAction\",\"target\":{\"@type\":\"EntryPoint\",\"urlTemplate\":\"https:\/\/halzebatz.eu\/?s={search_term_string}\"},\"query-input\":\"required name=search_term_string\"}],\"inLanguage\":\"fr-FR\"},{\"@type\":\"ImageObject\",\"inLanguage\":\"fr-FR\",\"@id\":\"https:\/\/halzebatz.eu\/fr\/accessoires\/#primaryimage\",\"url\":\"https:\/\/halzebatz.eu\/wp-content\/uploads\/elementor\/thumbs\/Aquabion-pbpctqr3rn0b1j6di1airtbnhbdz92slrh2e5w9pjy.jpg\",\"contentUrl\":\"https:\/\/halzebatz.eu\/wp-content\/uploads\/elementor\/thumbs\/Aquabion-pbpctqr3rn0b1j6di1airtbnhbdz92slrh2e5w9pjy.jpg\"},{\"@type\":\"WebPage\",\"@id\":\"https:\/\/halzebatz.eu\/fr\/accessoires\/#webpage\",\"url\":\"https:\/\/halzebatz.eu\/fr\/accessoires\/\",\"name\":\"Accessoires - Maison mobile et Tiny house Halzebatz\",\"isPartOf\":{\"@id\":\"https:\/\/halzebatz.eu\/#website\"},\"primaryImageOfPage\":{\"@id\":\"https:\/\/halzebatz.eu\/fr\/accessoires\/#primaryimage\"},\"datePublished\":\"2021-08-16T14:18:25+00:00\",\"dateModified\":\"2022-10-24T09:46:34+00:00\",\"description\":\"\u00c9conomiques, \u00e9cologiques et de qualit\u00e9 sup\u00e9rieure. Les accessoires embarqu\u00e9s dans nos modules feront la diff\u00e9rence au quotidien.\",\"breadcrumb\":{\"@id\":\"https:\/\/halzebatz.eu\/fr\/accessoires\/#breadcrumb\"},\"inLanguage\":\"fr-FR\",\"potentialAction\":[{\"@type\":\"ReadAction\",\"target\":[\"https:\/\/halzebatz.eu\/fr\/accessoires\/\"]}]},{\"@type\":\"BreadcrumbList\",\"@id\":\"https:\/\/halzebatz.eu\/fr\/accessoires\/#breadcrumb\",\"itemListElement\":[{\"@type\":\"ListItem\",\"position\":1,\"name\":\"Accueil\",\"item\":\"https:\/\/halzebatz.eu\/fr\/\"},{\"@type\":\"ListItem\",\"position\":2,\"name\":\"Accessoires\"}]}]}<\/script>\n<!-- \/ Yoast SEO plugin. -->","yoast_head_json":{"title":"Accessoires - Maison mobile et Tiny house Halzebatz","description":"\u00c9conomiques, \u00e9cologiques et de qualit\u00e9 sup\u00e9rieure. Les accessoires embarqu\u00e9s dans nos modules feront la diff\u00e9rence au quotidien.","robots":{"index":"index","follow":"follow","max-snippet":"max-snippet:-1","max-image-preview":"max-image-preview:large","max-video-preview":"max-video-preview:-1"},"canonical":"https:\/\/halzebatz.eu\/fr\/accessoires\/","og_locale":"fr_FR","og_type":"article","og_title":"Accessoires - Maison mobile et Tiny house Halzebatz","og_description":"\u00c9conomiques, \u00e9cologiques et de qualit\u00e9 sup\u00e9rieure. Les accessoires embarqu\u00e9s dans nos modules feront la diff\u00e9rence au quotidien.","og_url":"https:\/\/halzebatz.eu\/fr\/accessoires\/","og_site_name":"Halzebatz","article_publisher":"https:\/\/www.facebook.com\/Halzebatz","article_modified_time":"2022-10-24T09:46:34+00:00","og_image":[{"url":"https:\/\/halzebatz.eu\/wp-content\/uploads\/elementor\/thumbs\/Aquabion-pbpctqr3rn0b1j6di1airtbnhbdz92slrh2e5w9pjy.jpg"}],"twitter_card":"summary_large_image","twitter_misc":{"Dur\u00e9e de lecture estim\u00e9e":"1 minute"},"schema":{"@context":"https:\/\/schema.org","@graph":[{"@type":"Organization","@id":"https:\/\/halzebatz.eu\/#organization","name":"Halzebatz","url":"https:\/\/halzebatz.eu\/","sameAs":["https:\/\/www.facebook.com\/Halzebatz","https:\/\/www.instagram.com\/halzebatz\/","https:\/\/www.linkedin.com\/company\/halzebatz\/"],"logo":{"@type":"ImageObject","inLanguage":"fr-FR","@id":"https:\/\/halzebatz.eu\/#\/schema\/logo\/image\/","url":"https:\/\/halzebatz.eu\/wp-content\/uploads\/2021\/04\/HB-LOGO-rgb-1000-onTransp-.png","contentUrl":"https:\/\/halzebatz.eu\/wp-content\/uploads\/2021\/04\/HB-LOGO-rgb-1000-onTransp-.png","width":1280,"height":1490,"caption":"Halzebatz"},"image":{"@id":"https:\/\/halzebatz.eu\/#\/schema\/logo\/image\/"}},{"@type":"WebSite","@id":"https:\/\/halzebatz.eu\/#website","url":"https:\/\/halzebatz.eu\/","name":"Halzebatz","description":"mobil + modular","publisher":{"@id":"https:\/\/halzebatz.eu\/#organization"},"potentialAction":[{"@type":"SearchAction","target":{"@type":"EntryPoint","urlTemplate":"https:\/\/halzebatz.eu\/?s={search_term_string}"},"query-input":"required name=search_term_string"}],"inLanguage":"fr-FR"},{"@type":"ImageObject","inLanguage":"fr-FR","@id":"https:\/\/halzebatz.eu\/fr\/accessoires\/#primaryimage","url":"https:\/\/halzebatz.eu\/wp-content\/uploads\/elementor\/thumbs\/Aquabion-pbpctqr3rn0b1j6di1airtbnhbdz92slrh2e5w9pjy.jpg","contentUrl":"https:\/\/halzebatz.eu\/wp-content\/uploads\/elementor\/thumbs\/Aquabion-pbpctqr3rn0b1j6di1airtbnhbdz92slrh2e5w9pjy.jpg"},{"@type":"WebPage","@id":"https:\/\/halzebatz.eu\/fr\/accessoires\/#webpage","url":"https:\/\/halzebatz.eu\/fr\/accessoires\/","name":"Accessoires - Maison mobile et Tiny house Halzebatz","isPartOf":{"@id":"https:\/\/halzebatz.eu\/#website"},"primaryImageOfPage":{"@id":"https:\/\/halzebatz.eu\/fr\/accessoires\/#primaryimage"},"datePublished":"2021-08-16T14:18:25+00:00","dateModified":"2022-10-24T09:46:34+00:00","description":"\u00c9conomiques, \u00e9cologiques et de qualit\u00e9 sup\u00e9rieure. Les accessoires embarqu\u00e9s dans nos modules feront la diff\u00e9rence au quotidien.","breadcrumb":{"@id":"https:\/\/halzebatz.eu\/fr\/accessoires\/#breadcrumb"},"inLanguage":"fr-FR","potentialAction":[{"@type":"ReadAction","target":["https:\/\/halzebatz.eu\/fr\/accessoires\/"]}]},{"@type":"BreadcrumbList","@id":"https:\/\/halzebatz.eu\/fr\/accessoires\/#breadcrumb","itemListElement":[{"@type":"ListItem","position":1,"name":"Accueil","item":"https:\/\/halzebatz.eu\/fr\/"},{"@type":"ListItem","position":2,"name":"Accessoires"}]}]}},"_links":{"self":[{"href":"https:\/\/halzebatz.eu\/fr\/wp-json\/wp\/v2\/pages\/1053"}],"collection":[{"href":"https:\/\/halzebatz.eu\/fr\/wp-json\/wp\/v2\/pages"}],"about":[{"href":"https:\/\/halzebatz.eu\/fr\/wp-json\/wp\/v2\/types\/page"}],"author":[{"embeddable":true,"href":"https:\/\/halzebatz.eu\/fr\/wp-json\/wp\/v2\/users\/2"}],"replies":[{"embeddable":true,"href":"https:\/\/halzebatz.eu\/fr\/wp-json\/wp\/v2\/comments?post=1053"}],"version-history":[{"count":57,"href":"https:\/\/halzebatz.eu\/fr\/wp-json\/wp\/v2\/pages\/1053\/revisions"}],"predecessor-version":[{"id":5270,"href":"https:\/\/halzebatz.eu\/fr\/wp-json\/wp\/v2\/pages\/1053\/revisions\/5270"}],"wp:attachment":[{"href":"https:\/\/halzebatz.eu\/fr\/wp-json\/wp\/v2\/media?parent=1053"}],"curies":[{"name":"wp","href":"https:\/\/api.w.org\/{rel}","templated":true}]}}